{"id":1237,"date":"2026-03-31T11:25:23","date_gmt":"2026-03-31T09:25:23","guid":{"rendered":"https:\/\/www.clasicosenalcala.net\/2026\/?page_id=1237"},"modified":"2026-04-07T13:28:25","modified_gmt":"2026-04-07T11:28:25","slug":"aviso-legal","status":"publish","type":"page","link":"https:\/\/www.clasicosenalcala.net\/2026\/aviso-legal\/","title":{"rendered":"Aviso legal"},"content":{"rendered":"<p>La titularidad del dominio\u00a0<a href=\"https:\/\/www.clasicosenalcala.net\/\">clasicosenalcala.net<\/a>\u00a0corresponde al Ayuntamiento de Alcal\u00e1 de Henares. Y los datos del titular del dominio y gestor del Portal web institucional del Ayuntamiento son los siguientes:<\/p>\n<p>Ayuntamiento de Alcal\u00e1 de Henares CIF (European VAT Number): P2800500G<\/p>\n<p>Plaza de Cervantes, 12<\/p>\n<p>28801 Alcal\u00e1 de Henares (Madrid)<\/p>\n<p><strong>CONDICIONES GENERALES DE USO DEL SITIO WEB<\/strong><\/p>\n<p>Con car\u00e1cter general, el Usuario se obliga al cumplimiento de las presentes condiciones y t\u00e9rminos de uso, y obrar siempre conforme a la ley, a las buenas costumbres y a las exigencias de la buena fe, empleando la diligencia adecuada a la naturaleza del servicio del que disfruta, y absteni\u00e9ndose de utilizar el presente sitio web de cualquier forma que pueda impedir, da\u00f1ar o deteriorar el normal funcionamiento del mismo, los bienes o derechos del titular (Ayuntamiento de Alcal\u00e1 de Henares), del resto de Usuarios o, en general, de cualquier tercero.<\/p>\n<p>En particular, y sin que ello implique restricci\u00f3n alguna a la obligaci\u00f3n asumida por el Usuario con car\u00e1cter general de conformidad con el apartado anterior, el Usuario se obliga, en la utilizaci\u00f3n del presente sitio web a:<\/p>\n<ul>\n<li>En caso de que se le facilite, el Usuario debe custodiar adecuadamente el \u201cNombre de Usuario\u201d y la \u201cContrase\u00f1a\u201d que le sea facilitada por el Ayuntamiento de Alcal\u00e1 de Henares, como elementos identificadores y habilitadores para el acceso a los distintos servicios ofrecidos en el sitio web, comprometi\u00e9ndose a no ceder su uso ni a permitir el acceso a ellos de terceros, asumiendo la responsabilidad por los da\u00f1os y perjuicios que pudieran derivarse de un uso indebido de los mismos.<\/li>\n<li>No introducir, almacenar o difundir en o desde el sitio web, cualquier informaci\u00f3n o material que fuera difamatorio, injurioso, obsceno, amenazador, xen\u00f3fobo, incite a la violencia a la discriminaci\u00f3n por raz\u00f3n de raza, sexo, ideolog\u00eda, religi\u00f3n o que de cualquier forma atente contra la moral, el orden p\u00fablico, los derechos fundamentales, las libertas p\u00fablicas, el honor, la intimidad o la imagen de terceros y, en general, que vulnere la normativa vigente espa\u00f1ola y de su pa\u00eds de residencia.<\/li>\n<li>No introducir, almacenar o difundir mediante el sitio web ning\u00fan programa de ordenador, datos, virus, c\u00f3digo, o cualquier otro fichero que sea susceptible de causar da\u00f1os o cualquier tipo de alteraci\u00f3n en el sitio web, en cualquiera de los servicios, o en cualquiera de los equipos, sistemas o redes del Ayuntamiento de Alcal\u00e1 de Henares\u00a0 de cualquier Usuario, o en general de cualquier tercero, que pueda impedir el normal funcionamiento de los mismos.<\/li>\n<li>No destruir, alterar, utilizar para su uso, inutilizar o da\u00f1ar los datos, informaciones, programas, documentos electr\u00f3nicos, o, en general, los ficheros, del Ayuntamiento de Alcal\u00e1 de Henares, de los Usuarios o de terceros.<\/li>\n<\/ul>\n<p>El Ayuntamiento de Alcal\u00e1 de Henares podr\u00e1, en todo momento y sin previo aviso, modificar las presentes Condiciones Generales, as\u00ed como las Condiciones Particulares que, en su caso, se incluyan, mediante la publicaci\u00f3n de dichas modificaciones en el sitio web con el fin de que puedan ser conocidas por los Usuarios.<\/p>\n<p><strong>PROPIEDAD INTELECTUAL E INDUSTRIAL<\/strong><\/p>\n<p>La estructura, dise\u00f1o y forma de presentaci\u00f3n de los elementos disponibles en la presente web (gr\u00e1ficos, im\u00e1genes, fotograf\u00edas, muestras y materiales que aparecen en los mismos, tecnolog\u00edas industriales, ficheros, logotipos, combinaciones de colores y cualquier elemento susceptible de protecci\u00f3n) est\u00e1n protegidos por derechos de propiedad intelectual e industrial titularidad del Ayuntamiento de Alcal\u00e1 de Henares\u00a0 o sobre los que se han obtenido los derechos de uso correspondientes.<\/p>\n<p>Est\u00e1 prohibida la reproducci\u00f3n, transformaci\u00f3n, distribuci\u00f3n, comunicaci\u00f3n p\u00fablica, puesta a disposici\u00f3n del p\u00fablico y, en general, cualquier otra forma de explotaci\u00f3n, parcial o total de los elementos referidos en el apartado anterior. Su publicaci\u00f3n en otras p\u00e1ginas web o en otros medios de comunicaci\u00f3n digitales o escritos requiere el consentimiento expreso del titular de la web, y, en todo caso, deber\u00e1n hacer referencia expl\u00edcita a la titularidad de los citados derechos de propiedad intelectual del Ayuntamiento de Alcal\u00e1 de Henares.<\/p>\n<p>No se permite la utilizaci\u00f3n de los signos distintivos (marcas, nombres comerciales), salvo autorizaci\u00f3n expresa de los leg\u00edtimos titulares.<\/p>\n<p>Salvo autorizaci\u00f3n expresa del Ayuntamiento de Alcal\u00e1 de Henares, no se permite el enlace a \u201cp\u00e1ginas finales\u201d, el \u201cframe\u201d y cualquier otra manipulaci\u00f3n similar. Los enlaces deben ser siempre a la p\u00e1gina principal o homepage del sitio web.<\/p>\n<p><strong>EXONERACI\u00d3N DE RESPONSABILIDAD<\/strong><\/p>\n<p>El Ayuntamiento de Alcal\u00e1 de Henares\u00a0 no ser\u00e1 responsable:<\/p>\n<ul>\n<li>Con car\u00e1cter general, respecto del uso inadecuado de su sitio web. Los usuarios deber\u00e1n realizar un uso adecuado del mismo, de acuerdo con las condiciones y t\u00e9rminos anteriores, sin que ninguna responsabilidad pueda tener el titular por la utilizaci\u00f3n indebida.<\/li>\n<li>Respecto de posibles deficiencias t\u00e9cnicas. El Ayuntamiento de Alcal\u00e1 de Henares no ser\u00e1 responsable en ning\u00fan caso de las alteraciones en el servicio que se produzcan por fallos en la red el\u00e9ctrica, en la red de conexi\u00f3n de datos, en el servidor o en cualesquiera prestaciones.<\/li>\n<li>Respecto al acceso por terceros a su sistema. El Ayuntamiento de Alcal\u00e1 de Henares adoptar\u00e1 las cautelas t\u00e9cnicas necesarias a fin de proteger los datos e informaci\u00f3n a la que se accede, pero sin que sea responsable de actuaciones de terceros que, vulnerando las medidas de seguridad establecidas, accedan a los citados datos.<\/li>\n<li>El Ayuntamiento de Alcal\u00e1 de Henares invierte constantemente en medios tecnol\u00f3gicos que intentan minimizar el riesgo de virus y software similar, y contenidos no autorizados en sus sistemas de informaci\u00f3n. A pesar de ello, el Usuario es consciente de que debe adoptar sus propias medidas orientadas a minimizar los da\u00f1os ocasionados por software no autorizado, virus, troyanos y cualquier clase del software denominado malware, eximiendo a el Ayuntamiento de Alcal\u00e1 de Henares de toda responsabilidad que pudiese derivarse de la contenci\u00f3n de malware en los ficheros habilitados en la presente web.<\/li>\n<\/ul>\n","protected":false},"excerpt":{"rendered":"<p>La titularidad del dominio\u00a0clasicosenalcala.net\u00a0corresponde al Ayuntamiento de Alcal\u00e1 de Henares. Y los datos del titular del dominio y gestor del Portal web institucional del Ayuntamiento son los siguientes: Ayuntamiento de Alcal\u00e1 de Henares CIF (European VAT Number): P2800500G Plaza de Cervantes, 12 28801 Alcal\u00e1 de Henares (Madrid) CONDICIONES GENERALES DE USO DEL SITIO WEB Con [&hellip;]<\/p>\n","protected":false},"author":1,"featured_media":0,"parent":0,"menu_order":23,"comment_status":"closed","ping_status":"closed","template":"","meta":{"footnotes":""},"class_list":["post-1237","page","type-page","status-publish","hentry"],"yoast_head":"<!-- This site is optimized with the Yoast SEO plugin v27.4 - https:\/\/yoast.com\/product\/yoast-seo-wordpress\/ -->\n<title>Aviso legal - Festival de Teatro Cl\u00e1sicos en Alcal\u00e1 2026<\/title>\n<meta name=\"robots\" content=\"index, follow, max-snippet:-1, max-image-preview:large, max-video-preview:-1\" \/>\n<link rel=\"canonical\" href=\"https:\/\/www.clasicosenalcala.net\/2026\/aviso-legal\/\" \/>\n<meta property=\"og:locale\" content=\"es_ES\" \/>\n<meta property=\"og:type\" content=\"article\" \/>\n<meta property=\"og:title\" content=\"Aviso legal - Festival de Teatro Cl\u00e1sicos en Alcal\u00e1 2026\" \/>\n<meta property=\"og:description\" content=\"La titularidad del dominio\u00a0clasicosenalcala.net\u00a0corresponde al Ayuntamiento de Alcal\u00e1 de Henares. Y los datos del titular del dominio y gestor del Portal web institucional del Ayuntamiento son los siguientes: Ayuntamiento de Alcal\u00e1 de Henares CIF (European VAT Number): P2800500G Plaza de Cervantes, 12 28801 Alcal\u00e1 de Henares (Madrid) CONDICIONES GENERALES DE USO DEL SITIO WEB Con [&hellip;]\" \/>\n<meta property=\"og:url\" content=\"https:\/\/www.clasicosenalcala.net\/2026\/aviso-legal\/\" \/>\n<meta property=\"og:site_name\" content=\"Festival de Teatro Cl\u00e1sicos en Alcal\u00e1 2026\" \/>\n<meta property=\"article:publisher\" content=\"http:\/\/www.facebook.com\/pages\/Clsicos-en-Alcal\/117666598263772\" \/>\n<meta property=\"article:modified_time\" content=\"2026-04-07T11:28:25+00:00\" \/>\n<meta name=\"twitter:card\" content=\"summary_large_image\" \/>\n<meta name=\"twitter:site\" content=\"@ClasicosAlcala\" \/>\n<meta name=\"twitter:label1\" content=\"Tiempo de lectura\" \/>\n\t<meta name=\"twitter:data1\" content=\"5 minutos\" \/>\n<script type=\"application\/ld+json\" class=\"yoast-schema-graph\">{\"@context\":\"https:\\\/\\\/schema.org\",\"@graph\":[{\"@type\":\"WebPage\",\"@id\":\"https:\\\/\\\/www.clasicosenalcala.net\\\/2026\\\/aviso-legal\\\/\",\"url\":\"https:\\\/\\\/www.clasicosenalcala.net\\\/2026\\\/aviso-legal\\\/\",\"name\":\"Aviso legal - Festival de Teatro Cl\u00e1sicos en Alcal\u00e1 2026\",\"isPartOf\":{\"@id\":\"https:\\\/\\\/www.clasicosenalcala.net\\\/2026\\\/#website\"},\"datePublished\":\"2026-03-31T09:25:23+00:00\",\"dateModified\":\"2026-04-07T11:28:25+00:00\",\"breadcrumb\":{\"@id\":\"https:\\\/\\\/www.clasicosenalcala.net\\\/2026\\\/aviso-legal\\\/#breadcrumb\"},\"inLanguage\":\"es\",\"potentialAction\":[{\"@type\":\"ReadAction\",\"target\":[\"https:\\\/\\\/www.clasicosenalcala.net\\\/2026\\\/aviso-legal\\\/\"]}]},{\"@type\":\"BreadcrumbList\",\"@id\":\"https:\\\/\\\/www.clasicosenalcala.net\\\/2026\\\/aviso-legal\\\/#breadcrumb\",\"itemListElement\":[{\"@type\":\"ListItem\",\"position\":1,\"name\":\"Portada\",\"item\":\"https:\\\/\\\/www.clasicosenalcala.net\\\/2026\\\/\"},{\"@type\":\"ListItem\",\"position\":2,\"name\":\"Aviso legal\"}]},{\"@type\":\"WebSite\",\"@id\":\"https:\\\/\\\/www.clasicosenalcala.net\\\/2026\\\/#website\",\"url\":\"https:\\\/\\\/www.clasicosenalcala.net\\\/2026\\\/\",\"name\":\"Festival Hispanoamericano del Siglo de Oro. XXV edici\u00f3n\",\"description\":\"\",\"publisher\":{\"@id\":\"https:\\\/\\\/www.clasicosenalcala.net\\\/2026\\\/#organization\"},\"potentialAction\":[{\"@type\":\"SearchAction\",\"target\":{\"@type\":\"EntryPoint\",\"urlTemplate\":\"https:\\\/\\\/www.clasicosenalcala.net\\\/2026\\\/?s={search_term_string}\"},\"query-input\":{\"@type\":\"PropertyValueSpecification\",\"valueRequired\":true,\"valueName\":\"search_term_string\"}}],\"inLanguage\":\"es\"},{\"@type\":\"Organization\",\"@id\":\"https:\\\/\\\/www.clasicosenalcala.net\\\/2026\\\/#organization\",\"name\":\"Festival Hispanoamericano del Siglo de Oro.\",\"url\":\"https:\\\/\\\/www.clasicosenalcala.net\\\/2026\\\/\",\"logo\":{\"@type\":\"ImageObject\",\"inLanguage\":\"es\",\"@id\":\"https:\\\/\\\/www.clasicosenalcala.net\\\/2026\\\/#\\\/schema\\\/logo\\\/image\\\/\",\"url\":\"https:\\\/\\\/www.clasicosenalcala.net\\\/2026\\\/wp-content\\\/uploads\\\/2026\\\/03\\\/cropped-favicon@600x-8.png\",\"contentUrl\":\"https:\\\/\\\/www.clasicosenalcala.net\\\/2026\\\/wp-content\\\/uploads\\\/2026\\\/03\\\/cropped-favicon@600x-8.png\",\"width\":512,\"height\":512,\"caption\":\"Festival Hispanoamericano del Siglo de Oro.\"},\"image\":{\"@id\":\"https:\\\/\\\/www.clasicosenalcala.net\\\/2026\\\/#\\\/schema\\\/logo\\\/image\\\/\"},\"sameAs\":[\"http:\\\/\\\/www.facebook.com\\\/pages\\\/Clsicos-en-Alcal\\\/117666598263772\",\"https:\\\/\\\/x.com\\\/ClasicosAlcala\",\"https:\\\/\\\/www.instagram.com\\\/clasicosalcala\\\/\"]}]}<\/script>\n<!-- \/ Yoast SEO plugin. -->","yoast_head_json":{"title":"Aviso legal - Festival de Teatro Cl\u00e1sicos en Alcal\u00e1 2026","robots":{"index":"index","follow":"follow","max-snippet":"max-snippet:-1","max-image-preview":"max-image-preview:large","max-video-preview":"max-video-preview:-1"},"canonical":"https:\/\/www.clasicosenalcala.net\/2026\/aviso-legal\/","og_locale":"es_ES","og_type":"article","og_title":"Aviso legal - Festival de Teatro Cl\u00e1sicos en Alcal\u00e1 2026","og_description":"La titularidad del dominio\u00a0clasicosenalcala.net\u00a0corresponde al Ayuntamiento de Alcal\u00e1 de Henares. Y los datos del titular del dominio y gestor del Portal web institucional del Ayuntamiento son los siguientes: Ayuntamiento de Alcal\u00e1 de Henares CIF (European VAT Number): P2800500G Plaza de Cervantes, 12 28801 Alcal\u00e1 de Henares (Madrid) CONDICIONES GENERALES DE USO DEL SITIO WEB Con [&hellip;]","og_url":"https:\/\/www.clasicosenalcala.net\/2026\/aviso-legal\/","og_site_name":"Festival de Teatro Cl\u00e1sicos en Alcal\u00e1 2026","article_publisher":"http:\/\/www.facebook.com\/pages\/Clsicos-en-Alcal\/117666598263772","article_modified_time":"2026-04-07T11:28:25+00:00","twitter_card":"summary_large_image","twitter_site":"@ClasicosAlcala","twitter_misc":{"Tiempo de lectura":"5 minutos"},"schema":{"@context":"https:\/\/schema.org","@graph":[{"@type":"WebPage","@id":"https:\/\/www.clasicosenalcala.net\/2026\/aviso-legal\/","url":"https:\/\/www.clasicosenalcala.net\/2026\/aviso-legal\/","name":"Aviso legal - Festival de Teatro Cl\u00e1sicos en Alcal\u00e1 2026","isPartOf":{"@id":"https:\/\/www.clasicosenalcala.net\/2026\/#website"},"datePublished":"2026-03-31T09:25:23+00:00","dateModified":"2026-04-07T11:28:25+00:00","breadcrumb":{"@id":"https:\/\/www.clasicosenalcala.net\/2026\/aviso-legal\/#breadcrumb"},"inLanguage":"es","potentialAction":[{"@type":"ReadAction","target":["https:\/\/www.clasicosenalcala.net\/2026\/aviso-legal\/"]}]},{"@type":"BreadcrumbList","@id":"https:\/\/www.clasicosenalcala.net\/2026\/aviso-legal\/#breadcrumb","itemListElement":[{"@type":"ListItem","position":1,"name":"Portada","item":"https:\/\/www.clasicosenalcala.net\/2026\/"},{"@type":"ListItem","position":2,"name":"Aviso legal"}]},{"@type":"WebSite","@id":"https:\/\/www.clasicosenalcala.net\/2026\/#website","url":"https:\/\/www.clasicosenalcala.net\/2026\/","name":"Festival Hispanoamericano del Siglo de Oro. XXV edici\u00f3n","description":"","publisher":{"@id":"https:\/\/www.clasicosenalcala.net\/2026\/#organization"},"potentialAction":[{"@type":"SearchAction","target":{"@type":"EntryPoint","urlTemplate":"https:\/\/www.clasicosenalcala.net\/2026\/?s={search_term_string}"},"query-input":{"@type":"PropertyValueSpecification","valueRequired":true,"valueName":"search_term_string"}}],"inLanguage":"es"},{"@type":"Organization","@id":"https:\/\/www.clasicosenalcala.net\/2026\/#organization","name":"Festival Hispanoamericano del Siglo de Oro.","url":"https:\/\/www.clasicosenalcala.net\/2026\/","logo":{"@type":"ImageObject","inLanguage":"es","@id":"https:\/\/www.clasicosenalcala.net\/2026\/#\/schema\/logo\/image\/","url":"https:\/\/www.clasicosenalcala.net\/2026\/wp-content\/uploads\/2026\/03\/cropped-favicon@600x-8.png","contentUrl":"https:\/\/www.clasicosenalcala.net\/2026\/wp-content\/uploads\/2026\/03\/cropped-favicon@600x-8.png","width":512,"height":512,"caption":"Festival Hispanoamericano del Siglo de Oro."},"image":{"@id":"https:\/\/www.clasicosenalcala.net\/2026\/#\/schema\/logo\/image\/"},"sameAs":["http:\/\/www.facebook.com\/pages\/Clsicos-en-Alcal\/117666598263772","https:\/\/x.com\/ClasicosAlcala","https:\/\/www.instagram.com\/clasicosalcala\/"]}]}},"_links":{"self":[{"href":"https:\/\/www.clasicosenalcala.net\/2026\/wp-json\/wp\/v2\/pages\/1237","targetHints":{"allow":["GET"]}}],"collection":[{"href":"https:\/\/www.clasicosenalcala.net\/2026\/wp-json\/wp\/v2\/pages"}],"about":[{"href":"https:\/\/www.clasicosenalcala.net\/2026\/wp-json\/wp\/v2\/types\/page"}],"author":[{"embeddable":true,"href":"https:\/\/www.clasicosenalcala.net\/2026\/wp-json\/wp\/v2\/users\/1"}],"replies":[{"embeddable":true,"href":"https:\/\/www.clasicosenalcala.net\/2026\/wp-json\/wp\/v2\/comments?post=1237"}],"version-history":[{"count":5,"href":"https:\/\/www.clasicosenalcala.net\/2026\/wp-json\/wp\/v2\/pages\/1237\/revisions"}],"predecessor-version":[{"id":2240,"href":"https:\/\/www.clasicosenalcala.net\/2026\/wp-json\/wp\/v2\/pages\/1237\/revisions\/2240"}],"wp:attachment":[{"href":"https:\/\/www.clasicosenalcala.net\/2026\/wp-json\/wp\/v2\/media?parent=1237"}],"curies":[{"name":"wp","href":"https:\/\/api.w.org\/{rel}","templated":true}]}}