{"id":1903,"date":"2026-04-06T18:05:28","date_gmt":"2026-04-06T16:05:28","guid":{"rendered":"https:\/\/www.clasicosenalcala.net\/2026\/?page_id=1903"},"modified":"2026-04-13T09:35:17","modified_gmt":"2026-04-13T07:35:17","slug":"contacto","status":"publish","type":"page","link":"https:\/\/www.clasicosenalcala.net\/2026\/contacto\/","title":{"rendered":"Contacto"},"content":{"rendered":"\t\t<div data-elementor-type=\"wp-page\" data-elementor-id=\"1903\" class=\"elementor elementor-1903\" data-elementor-post-type=\"page\">\n\t\t\t\t<div class=\"elementor-element elementor-element-4082f8f e-flex e-con-boxed e-con e-parent\" data-id=\"4082f8f\" data-element_type=\"container\" data-e-type=\"container\" data-settings=\"{&quot;jet_parallax_layout_list&quot;:[]}\">\n\t\t\t\t\t<div class=\"e-con-inner\">\n\t\t\t\t<div class=\"elementor-element elementor-element-ef585f6 elementor-widget elementor-widget-heading\" data-id=\"ef585f6\" data-element_type=\"widget\" data-e-type=\"widget\" data-widget_type=\"heading.default\">\n\t\t\t\t\t<h2 class=\"elementor-heading-title elementor-size-default\">Si desea ponerse en contacto con la organizaci\u00f3n del Festival rellene el siguiente formulario.\n<\/h2>\t\t\t\t<\/div>\n\t\t\t\t<div class=\"elementor-element elementor-element-4deb09f elementor-button-align-stretch elementor-widget elementor-widget-form\" data-id=\"4deb09f\" data-element_type=\"widget\" data-e-type=\"widget\" data-settings=\"{&quot;step_next_label&quot;:&quot;Siguiente&quot;,&quot;step_previous_label&quot;:&quot;Anterior&quot;,&quot;button_width&quot;:&quot;100&quot;,&quot;dce_confirm_dialog_enabled&quot;:&quot;no&quot;,&quot;step_type&quot;:&quot;number_text&quot;,&quot;step_icon_shape&quot;:&quot;circle&quot;,&quot;label_icon_size&quot;:{&quot;unit&quot;:&quot;px&quot;,&quot;size&quot;:&quot;&quot;,&quot;sizes&quot;:[]},&quot;field_icon_size&quot;:{&quot;unit&quot;:&quot;px&quot;,&quot;size&quot;:&quot;&quot;,&quot;sizes&quot;:[]}}\" data-widget_type=\"form.default\">\n\t\t\t\t\t\t\t<form class=\"elementor-form\" method=\"post\" name=\"Contacto Cl\u00e1sicos Alcal\u00e1\" aria-label=\"Contacto Cl\u00e1sicos Alcal\u00e1\">\n\t\t\t<input type=\"hidden\" name=\"post_id\" value=\"1903\"\/>\n\t\t\t<input type=\"hidden\" name=\"form_id\" value=\"4deb09f\"\/>\n\t\t\t<input type=\"hidden\" name=\"referer_title\" value=\"Contacto - Festival de Teatro Cl\u00e1sicos en Alcal\u00e1 2026\" \/>\n\n\t\t\t\t\t\t\t<input type=\"hidden\" name=\"queried_id\" value=\"1903\"\/>\n\t\t\t\n\t\t\t<div class=\"elementor-form-fields-wrapper elementor-labels-above\">\n\t\t\t\t\t\t\t\t<div class=\"elementor-field-type-text elementor-field-group elementor-column elementor-field-group-nombre elementor-col-100 elementor-field-required elementor-mark-required\">\n\t\t\t\t\t\t\t\t\t\t\t\t<label for=\"form-field-nombre\" class=\"elementor-field-label\">\n\t\t\t\t\t\t\t\tNombre\t\t\t\t\t\t\t<\/label>\n\t\t\t\t\t\t\t\t\t\t\t\t\t\t<input size=\"1\" type=\"text\" name=\"form_fields[nombre]\" id=\"form-field-nombre\" class=\"elementor-field elementor-size-sm  elementor-field-textual\" required=\"required\">\n\t\t\t\t\t\t\t\t\t\t\t<\/div>\n\t\t\t\t\t\t\t\t<div class=\"elementor-field-type-email elementor-field-group elementor-column elementor-field-group-email elementor-col-100 elementor-field-required elementor-mark-required\">\n\t\t\t\t\t\t\t\t\t\t\t\t<label for=\"form-field-email\" class=\"elementor-field-label\">\n\t\t\t\t\t\t\t\tCorreo electr\u00f3nico\t\t\t\t\t\t\t<\/label>\n\t\t\t\t\t\t\t\t\t\t\t\t\t\t<input size=\"1\" type=\"email\" name=\"form_fields[email]\" id=\"form-field-email\" class=\"elementor-field elementor-size-sm  elementor-field-textual\" required=\"required\">\n\t\t\t\t\t\t\t\t\t\t\t<\/div>\n\t\t\t\t\t\t\t\t<div class=\"elementor-field-type-tel elementor-field-group elementor-column elementor-field-group-telefono elementor-col-100 elementor-field-required elementor-mark-required\">\n\t\t\t\t\t\t\t\t\t\t\t\t<label for=\"form-field-telefono\" class=\"elementor-field-label\">\n\t\t\t\t\t\t\t\tTel\u00e9fono\t\t\t\t\t\t\t<\/label>\n\t\t\t\t\t\t\t\t<input size=\"1\" type=\"tel\" name=\"form_fields[telefono]\" id=\"form-field-telefono\" class=\"elementor-field elementor-size-sm  elementor-field-textual\" required=\"required\" pattern=\"[0-9()#&amp;+*-=.]+\" title=\"Solo se aceptan n\u00fameros y caracteres de tel\u00e9fono (#,-,*,etc).\">\n\n\t\t\t\t\t\t<\/div>\n\t\t\t\t\t\t\t\t<div class=\"elementor-field-type-textarea elementor-field-group elementor-column elementor-field-group-mensaje elementor-col-100 elementor-field-required elementor-mark-required\">\n\t\t\t\t\t\t\t\t\t\t\t\t<label for=\"form-field-mensaje\" class=\"elementor-field-label\">\n\t\t\t\t\t\t\t\tMensaje\t\t\t\t\t\t\t<\/label>\n\t\t\t\t\t\t<textarea class=\"elementor-field-textual elementor-field  elementor-size-sm\" name=\"form_fields[mensaje]\" id=\"form-field-mensaje\" rows=\"4\" required=\"required\"><\/textarea>\t\t\t\t<\/div>\n\t\t\t\t\t\t\t\t<div class=\"elementor-field-type-acceptance elementor-field-group elementor-column elementor-field-group-field_9cfcf1e elementor-col-100 elementor-field-required elementor-mark-required\">\n\t\t\t\t\t\t\t<div class=\"elementor-field-subgroup\">\n\t\t\t<span class=\"elementor-field-option\">\n\t\t\t\t<input type=\"checkbox\" name=\"form_fields[field_9cfcf1e]\" id=\"form-field-field_9cfcf1e\" class=\"elementor-field elementor-size-sm  elementor-acceptance-field\" required=\"required\">\n\t\t\t\t<label for=\"form-field-field_9cfcf1e\">Acepto las condiciones de  <a style=\"color:#ca2a24; font-weight:600; text-decoration:none;\" href=\"https:\/\/www.clasicosenalcala.net\/2026\/politica-privacidad\/\">pol\u00edtica de privacidad<\/a><span style=\"color:#ca2a24\"> *<\/span><\/label>\t\t\t<\/span>\n\t\t<\/div>\n\t\t\t\t\t\t<\/div>\n\t\t\t\t\t\t\t\t<div class=\"elementor-field-type-text\">\n\t\t\t\t\t<input size=\"1\" type=\"text\" name=\"form_fields[field_78b86a6]\" id=\"form-field-field_78b86a6\" class=\"elementor-field elementor-size-sm \" style=\"display:none !important;\">\t\t\t\t<\/div>\n\t\t\t\t\t\t\t\t<div class=\"elementor-field-group elementor-column elementor-field-type-submit elementor-col-100 e-form__buttons\">\n\t\t\t\t\t<button class=\"elementor-button elementor-size-sm\" type=\"submit\">\n\t\t\t\t\t\t<span class=\"elementor-button-content-wrapper\">\n\t\t\t\t\t\t\t\t\t\t\t\t\t\t\t\t\t\t\t\t\t\t<span class=\"elementor-button-text\">Enviar<\/span>\n\t\t\t\t\t\t\t\t\t\t\t\t\t<\/span>\n\t\t\t\t\t<\/button>\n\t\t\t\t<\/div>\n\t\t\t<\/div>\n\t\t<\/form>\n\t\t\t\t\t\t<\/div>\n\t\t\t\t\t<\/div>\n\t\t\t\t<\/div>\n\t\t\t\t<\/div>\n\t\t","protected":false},"excerpt":{"rendered":"<p>Si desea ponerse en contacto con la organizaci\u00f3n del Festival rellene el siguiente formulario.<\/p>\n","protected":false},"author":1,"featured_media":0,"parent":0,"menu_order":26,"comment_status":"closed","ping_status":"closed","template":"","meta":{"footnotes":""},"class_list":["post-1903","page","type-page","status-publish","hentry"],"yoast_head":"<!-- This site is optimized with the Yoast SEO plugin v27.4 - https:\/\/yoast.com\/product\/yoast-seo-wordpress\/ -->\n<title>Contacto - Festival de Teatro Cl\u00e1sicos en Alcal\u00e1 2026<\/title>\n<meta name=\"robots\" content=\"index, follow, max-snippet:-1, max-image-preview:large, max-video-preview:-1\" \/>\n<link rel=\"canonical\" href=\"https:\/\/www.clasicosenalcala.net\/2026\/contacto\/\" \/>\n<meta property=\"og:locale\" content=\"es_ES\" \/>\n<meta property=\"og:type\" content=\"article\" \/>\n<meta property=\"og:title\" content=\"Contacto - Festival de Teatro Cl\u00e1sicos en Alcal\u00e1 2026\" \/>\n<meta property=\"og:description\" content=\"Si desea ponerse en contacto con la organizaci\u00f3n del Festival rellene el siguiente formulario.\" \/>\n<meta property=\"og:url\" content=\"https:\/\/www.clasicosenalcala.net\/2026\/contacto\/\" \/>\n<meta property=\"og:site_name\" content=\"Festival de Teatro Cl\u00e1sicos en Alcal\u00e1 2026\" \/>\n<meta property=\"article:publisher\" content=\"http:\/\/www.facebook.com\/pages\/Clsicos-en-Alcal\/117666598263772\" \/>\n<meta property=\"article:modified_time\" content=\"2026-04-13T07:35:17+00:00\" \/>\n<meta name=\"twitter:card\" content=\"summary_large_image\" \/>\n<meta name=\"twitter:site\" content=\"@ClasicosAlcala\" \/>\n<meta name=\"twitter:label1\" content=\"Tiempo de lectura\" \/>\n\t<meta name=\"twitter:data1\" content=\"1 minuto\" \/>\n<script type=\"application\/ld+json\" class=\"yoast-schema-graph\">{\"@context\":\"https:\\\/\\\/schema.org\",\"@graph\":[{\"@type\":\"WebPage\",\"@id\":\"https:\\\/\\\/www.clasicosenalcala.net\\\/2026\\\/contacto\\\/\",\"url\":\"https:\\\/\\\/www.clasicosenalcala.net\\\/2026\\\/contacto\\\/\",\"name\":\"Contacto - Festival de Teatro Cl\u00e1sicos en Alcal\u00e1 2026\",\"isPartOf\":{\"@id\":\"https:\\\/\\\/www.clasicosenalcala.net\\\/2026\\\/#website\"},\"datePublished\":\"2026-04-06T16:05:28+00:00\",\"dateModified\":\"2026-04-13T07:35:17+00:00\",\"breadcrumb\":{\"@id\":\"https:\\\/\\\/www.clasicosenalcala.net\\\/2026\\\/contacto\\\/#breadcrumb\"},\"inLanguage\":\"es\",\"potentialAction\":[{\"@type\":\"ReadAction\",\"target\":[\"https:\\\/\\\/www.clasicosenalcala.net\\\/2026\\\/contacto\\\/\"]}]},{\"@type\":\"BreadcrumbList\",\"@id\":\"https:\\\/\\\/www.clasicosenalcala.net\\\/2026\\\/contacto\\\/#breadcrumb\",\"itemListElement\":[{\"@type\":\"ListItem\",\"position\":1,\"name\":\"Portada\",\"item\":\"https:\\\/\\\/www.clasicosenalcala.net\\\/2026\\\/\"},{\"@type\":\"ListItem\",\"position\":2,\"name\":\"Contacto\"}]},{\"@type\":\"WebSite\",\"@id\":\"https:\\\/\\\/www.clasicosenalcala.net\\\/2026\\\/#website\",\"url\":\"https:\\\/\\\/www.clasicosenalcala.net\\\/2026\\\/\",\"name\":\"Festival Hispanoamericano del Siglo de Oro. XXV edici\u00f3n\",\"description\":\"\",\"publisher\":{\"@id\":\"https:\\\/\\\/www.clasicosenalcala.net\\\/2026\\\/#organization\"},\"potentialAction\":[{\"@type\":\"SearchAction\",\"target\":{\"@type\":\"EntryPoint\",\"urlTemplate\":\"https:\\\/\\\/www.clasicosenalcala.net\\\/2026\\\/?s={search_term_string}\"},\"query-input\":{\"@type\":\"PropertyValueSpecification\",\"valueRequired\":true,\"valueName\":\"search_term_string\"}}],\"inLanguage\":\"es\"},{\"@type\":\"Organization\",\"@id\":\"https:\\\/\\\/www.clasicosenalcala.net\\\/2026\\\/#organization\",\"name\":\"Festival Hispanoamericano del Siglo de Oro.\",\"url\":\"https:\\\/\\\/www.clasicosenalcala.net\\\/2026\\\/\",\"logo\":{\"@type\":\"ImageObject\",\"inLanguage\":\"es\",\"@id\":\"https:\\\/\\\/www.clasicosenalcala.net\\\/2026\\\/#\\\/schema\\\/logo\\\/image\\\/\",\"url\":\"https:\\\/\\\/www.clasicosenalcala.net\\\/2026\\\/wp-content\\\/uploads\\\/2026\\\/03\\\/cropped-favicon@600x-8.png\",\"contentUrl\":\"https:\\\/\\\/www.clasicosenalcala.net\\\/2026\\\/wp-content\\\/uploads\\\/2026\\\/03\\\/cropped-favicon@600x-8.png\",\"width\":512,\"height\":512,\"caption\":\"Festival Hispanoamericano del Siglo de Oro.\"},\"image\":{\"@id\":\"https:\\\/\\\/www.clasicosenalcala.net\\\/2026\\\/#\\\/schema\\\/logo\\\/image\\\/\"},\"sameAs\":[\"http:\\\/\\\/www.facebook.com\\\/pages\\\/Clsicos-en-Alcal\\\/117666598263772\",\"https:\\\/\\\/x.com\\\/ClasicosAlcala\",\"https:\\\/\\\/www.instagram.com\\\/clasicosalcala\\\/\"]}]}<\/script>\n<!-- \/ Yoast SEO plugin. -->","yoast_head_json":{"title":"Contacto - Festival de Teatro Cl\u00e1sicos en Alcal\u00e1 2026","robots":{"index":"index","follow":"follow","max-snippet":"max-snippet:-1","max-image-preview":"max-image-preview:large","max-video-preview":"max-video-preview:-1"},"canonical":"https:\/\/www.clasicosenalcala.net\/2026\/contacto\/","og_locale":"es_ES","og_type":"article","og_title":"Contacto - Festival de Teatro Cl\u00e1sicos en Alcal\u00e1 2026","og_description":"Si desea ponerse en contacto con la organizaci\u00f3n del Festival rellene el siguiente formulario.","og_url":"https:\/\/www.clasicosenalcala.net\/2026\/contacto\/","og_site_name":"Festival de Teatro Cl\u00e1sicos en Alcal\u00e1 2026","article_publisher":"http:\/\/www.facebook.com\/pages\/Clsicos-en-Alcal\/117666598263772","article_modified_time":"2026-04-13T07:35:17+00:00","twitter_card":"summary_large_image","twitter_site":"@ClasicosAlcala","twitter_misc":{"Tiempo de lectura":"1 minuto"},"schema":{"@context":"https:\/\/schema.org","@graph":[{"@type":"WebPage","@id":"https:\/\/www.clasicosenalcala.net\/2026\/contacto\/","url":"https:\/\/www.clasicosenalcala.net\/2026\/contacto\/","name":"Contacto - Festival de Teatro Cl\u00e1sicos en Alcal\u00e1 2026","isPartOf":{"@id":"https:\/\/www.clasicosenalcala.net\/2026\/#website"},"datePublished":"2026-04-06T16:05:28+00:00","dateModified":"2026-04-13T07:35:17+00:00","breadcrumb":{"@id":"https:\/\/www.clasicosenalcala.net\/2026\/contacto\/#breadcrumb"},"inLanguage":"es","potentialAction":[{"@type":"ReadAction","target":["https:\/\/www.clasicosenalcala.net\/2026\/contacto\/"]}]},{"@type":"BreadcrumbList","@id":"https:\/\/www.clasicosenalcala.net\/2026\/contacto\/#breadcrumb","itemListElement":[{"@type":"ListItem","position":1,"name":"Portada","item":"https:\/\/www.clasicosenalcala.net\/2026\/"},{"@type":"ListItem","position":2,"name":"Contacto"}]},{"@type":"WebSite","@id":"https:\/\/www.clasicosenalcala.net\/2026\/#website","url":"https:\/\/www.clasicosenalcala.net\/2026\/","name":"Festival Hispanoamericano del Siglo de Oro. XXV edici\u00f3n","description":"","publisher":{"@id":"https:\/\/www.clasicosenalcala.net\/2026\/#organization"},"potentialAction":[{"@type":"SearchAction","target":{"@type":"EntryPoint","urlTemplate":"https:\/\/www.clasicosenalcala.net\/2026\/?s={search_term_string}"},"query-input":{"@type":"PropertyValueSpecification","valueRequired":true,"valueName":"search_term_string"}}],"inLanguage":"es"},{"@type":"Organization","@id":"https:\/\/www.clasicosenalcala.net\/2026\/#organization","name":"Festival Hispanoamericano del Siglo de Oro.","url":"https:\/\/www.clasicosenalcala.net\/2026\/","logo":{"@type":"ImageObject","inLanguage":"es","@id":"https:\/\/www.clasicosenalcala.net\/2026\/#\/schema\/logo\/image\/","url":"https:\/\/www.clasicosenalcala.net\/2026\/wp-content\/uploads\/2026\/03\/cropped-favicon@600x-8.png","contentUrl":"https:\/\/www.clasicosenalcala.net\/2026\/wp-content\/uploads\/2026\/03\/cropped-favicon@600x-8.png","width":512,"height":512,"caption":"Festival Hispanoamericano del Siglo de Oro."},"image":{"@id":"https:\/\/www.clasicosenalcala.net\/2026\/#\/schema\/logo\/image\/"},"sameAs":["http:\/\/www.facebook.com\/pages\/Clsicos-en-Alcal\/117666598263772","https:\/\/x.com\/ClasicosAlcala","https:\/\/www.instagram.com\/clasicosalcala\/"]}]}},"_links":{"self":[{"href":"https:\/\/www.clasicosenalcala.net\/2026\/wp-json\/wp\/v2\/pages\/1903","targetHints":{"allow":["GET"]}}],"collection":[{"href":"https:\/\/www.clasicosenalcala.net\/2026\/wp-json\/wp\/v2\/pages"}],"about":[{"href":"https:\/\/www.clasicosenalcala.net\/2026\/wp-json\/wp\/v2\/types\/page"}],"author":[{"embeddable":true,"href":"https:\/\/www.clasicosenalcala.net\/2026\/wp-json\/wp\/v2\/users\/1"}],"replies":[{"embeddable":true,"href":"https:\/\/www.clasicosenalcala.net\/2026\/wp-json\/wp\/v2\/comments?post=1903"}],"version-history":[{"count":23,"href":"https:\/\/www.clasicosenalcala.net\/2026\/wp-json\/wp\/v2\/pages\/1903\/revisions"}],"predecessor-version":[{"id":2476,"href":"https:\/\/www.clasicosenalcala.net\/2026\/wp-json\/wp\/v2\/pages\/1903\/revisions\/2476"}],"wp:attachment":[{"href":"https:\/\/www.clasicosenalcala.net\/2026\/wp-json\/wp\/v2\/media?parent=1903"}],"curies":[{"name":"wp","href":"https:\/\/api.w.org\/{rel}","templated":true}]}}