{"id":67,"date":"2026-03-06T08:22:54","date_gmt":"2026-03-06T08:22:54","guid":{"rendered":"https:\/\/www.clasicosenalcala.net\/2026\/?page_id=67"},"modified":"2026-04-22T09:13:09","modified_gmt":"2026-04-22T07:13:09","slug":"venta-de-entradas","status":"publish","type":"page","link":"https:\/\/www.clasicosenalcala.net\/2026\/venta-de-entradas\/","title":{"rendered":"Venta de entradas"},"content":{"rendered":"<p>Las entradas se podr\u00e1n adquirir tanto en la taquilla del <strong>Teatro Sal\u00f3n Cervantes<\/strong> como de manera online, desde esta misma p\u00e1gina y <a href=\"https:\/\/culturalcala.es\/\" target=\"_blank\" rel=\"noopener\">culturalcala.es.<\/a><\/p>\n<p>&nbsp;<\/p>\n    <div class=\"venta-entrada-wrap\">\r\n                    <img decoding=\"async\" class=\"venta-entrada-deco-hombre\" src=\"https:\/\/www.clasicosenalcala.net\/2026\/icono_hombre_sombrero_1\/\" alt=\"\" aria-hidden=\"true\">\r\n        \r\n        <div class=\"venta-entrada-grid\">\r\n            \r\n            \r\n                <div class=\"venta-entrada-card\">\r\n\r\n                                    <h3 class=\"venta-entrada-titulo\">\r\n                                                    <a href=\"https:\/\/www.clasicosenalcala.net\/2026\/escenarios\/auditorio-municipal-paco-de-lucia\/\">\r\n                                AUDITORIO MUNICIPAL PACO DE LUC\u00cdA                            <\/a>\r\n                                            <\/h3>\r\n                \r\n                                    <div class=\"venta-entrada-texto\">\r\n                        <p>Lleva descuento amigos del teatro<\/p>\n                    <\/div>\r\n                \r\n                                    <div class=\"venta-entrada-botones\">\r\n                                                    <div class=\"venta-entrada-bloque-boton\">\r\n                                                                <a class=\"venta-entrada-boton\" href=\"https:\/\/www.giglon.com\/evento\/el-quijote-en-clave-de-mujer-alcaladehenares\" target=\"_blank\" rel=\"noopener noreferrer\">\r\n                                    Comprar entrada                                <\/a>\r\n                            <\/div>\r\n                                            <\/div>\r\n                \r\n                <\/div>\r\n\r\n            \r\n            \r\n                <div class=\"venta-entrada-card\">\r\n\r\n                                    <h3 class=\"venta-entrada-titulo\">\r\n                                                    <a href=\"https:\/\/www.clasicosenalcala.net\/2026\/escenarios\/patio-del-rectorado-de-la-universidad-de-alcala\/\">\r\n                                PATIO DE SANTO TOM\u00c1S DE VILLANUEVA - UNIVERSIDAD DE ALCAL\u00c1 DE HENARES                            <\/a>\r\n                                            <\/h3>\r\n                \r\n                                    <div class=\"venta-entrada-texto\">\r\n                        <p>Todos llevan descuento amigos del teatro<\/p>\n                    <\/div>\r\n                \r\n                                    <div class=\"venta-entrada-botones\">\r\n                                                    <div class=\"venta-entrada-bloque-boton\">\r\n                                                                <a class=\"venta-entrada-boton\" href=\"https:\/\/www.giglon.com\/artista\/clasicos-en-alcala---patio-santo-tomas-de-villanueva\" target=\"_blank\" rel=\"noopener noreferrer\">\r\n                                    Comprar entrada                                <\/a>\r\n                            <\/div>\r\n                                            <\/div>\r\n                \r\n                <\/div>\r\n\r\n            \r\n            \r\n                <div class=\"venta-entrada-card\">\r\n\r\n                                    <h3 class=\"venta-entrada-titulo\">\r\n                                                    <a href=\"https:\/\/www.clasicosenalcala.net\/2026\/escenarios\/gilitos-laboratorio-de-creacion-alcala\/\">\r\n                                GILITOS - LABORATORIO DE CREACI\u00d3N ALCAL\u00c1                            <\/a>\r\n                                            <\/h3>\r\n                \r\n                                    <div class=\"venta-entrada-texto\">\r\n                        <p>Todos llevan descuento amigos del teatro<\/p>\n                    <\/div>\r\n                \r\n                                    <div class=\"venta-entrada-botones\">\r\n                                                    <div class=\"venta-entrada-bloque-boton\">\r\n                                                                <a class=\"venta-entrada-boton\" href=\"https:\/\/www.giglon.com\/artista\/clasicos-en-alcala---gilitos\" target=\"_blank\" rel=\"noopener noreferrer\">\r\n                                    Comprar entrada                                <\/a>\r\n                            <\/div>\r\n                                            <\/div>\r\n                \r\n                <\/div>\r\n\r\n            \r\n            \r\n                <div class=\"venta-entrada-card\">\r\n\r\n                                    <h3 class=\"venta-entrada-titulo\">\r\n                                                    <a href=\"https:\/\/www.clasicosenalcala.net\/2026\/escenarios\/museo-casa-natal-de-cervantes\/\">\r\n                                MUSEO CASA NATAL DE CERVANTES                            <\/a>\r\n                                            <\/h3>\r\n                \r\n                \r\n                                    <div class=\"venta-entrada-botones\">\r\n                                                    <div class=\"venta-entrada-bloque-boton\">\r\n                                                                <a class=\"venta-entrada-boton\" href=\"https:\/\/www.giglon.com\/artista\/clasicos-en-alcala---museo-casa-natal-de-cervantes\" target=\"_blank\" rel=\"noopener noreferrer\">\r\n                                    Comprar entrada                                <\/a>\r\n                            <\/div>\r\n                                            <\/div>\r\n                \r\n                <\/div>\r\n\r\n            \r\n            \r\n                <div class=\"venta-entrada-card\">\r\n\r\n                                    <h3 class=\"venta-entrada-titulo\">\r\n                                                    <a href=\"https:\/\/www.clasicosenalcala.net\/2026\/escenarios\/hospital-de-antezana\/\">\r\n                                HOSPITAL DE ANTEZANA                            <\/a>\r\n                                            <\/h3>\r\n                \r\n                \r\n                                    <div class=\"venta-entrada-botones\">\r\n                                                    <div class=\"venta-entrada-bloque-boton\">\r\n                                                                <a class=\"venta-entrada-boton\" href=\"https:\/\/www.giglon.com\/artista\/clasicos-en-alcala---patio-hospital-de-antezana\" target=\"_blank\" rel=\"noopener noreferrer\">\r\n                                    Comprar entrada                                <\/a>\r\n                            <\/div>\r\n                                            <\/div>\r\n                \r\n                <\/div>\r\n\r\n            \r\n            \r\n                <div class=\"venta-entrada-card\">\r\n\r\n                                    <h3 class=\"venta-entrada-titulo\">\r\n                                                    <a href=\"https:\/\/www.clasicosenalcala.net\/2026\/escenarios\/teatro-salon-cervantes\/\">\r\n                                TEATRO SAL\u00d3N CERVANTES                            <\/a>\r\n                                            <\/h3>\r\n                \r\n                                    <div class=\"venta-entrada-texto\">\r\n                        <p>Todos llevan descuento amigos del teatro<\/p>\n                    <\/div>\r\n                \r\n                                    <div class=\"venta-entrada-botones\">\r\n                                                    <div class=\"venta-entrada-bloque-boton\">\r\n                                                                <a class=\"venta-entrada-boton\" href=\"https:\/\/www.giglon.com\/artista\/clasicos-en-alcala---teatro-salon-de-cervantes\" target=\"_blank\" rel=\"noopener noreferrer\">\r\n                                    Comprar entrada                                <\/a>\r\n                            <\/div>\r\n                                            <\/div>\r\n                \r\n                <\/div>\r\n\r\n            \r\n            \r\n                <div class=\"venta-entrada-card\">\r\n\r\n                                    <h3 class=\"venta-entrada-titulo\">\r\n                                                    <a href=\"https:\/\/www.clasicosenalcala.net\/2026\/escenarios\/corral-de-comedias\/\">\r\n                                CORRAL DE COMEDIAS                            <\/a>\r\n                                            <\/h3>\r\n                \r\n                                    <div class=\"venta-entrada-texto\">\r\n                        <p>Todos llevan descuento amigos del teatro.<\/p>\n<p>Las entradas de movilidad reducida y acompa\u00f1ante est\u00e1n disponibles tambi\u00e9n online.<\/p>\n                    <\/div>\r\n                \r\n                                    <div class=\"venta-entrada-botones\">\r\n                                                    <div class=\"venta-entrada-bloque-boton\">\r\n                                                                <a class=\"venta-entrada-boton\" href=\"https:\/\/www.giglon.com\/artista\/clasicos-en-alcala---corral-de-comedias\" target=\"_blank\" rel=\"noopener noreferrer\">\r\n                                    Comprar entrada                                <\/a>\r\n                            <\/div>\r\n                                            <\/div>\r\n                \r\n                <\/div>\r\n\r\n                    <\/div>\r\n    <\/div>\r\n\r\n    <style>\r\n        .venta-entrada-wrap {\r\n            position: relative;\r\n            width: 100%;\r\n        }\r\n\r\n        .venta-entrada-deco-hombre {\r\n            position: fixed;\r\n            top: clamp(130px, 24vh, 320px);\r\n            right: clamp(8px, 2vw, 34px);\r\n            width: clamp(120px, 11vw, 220px);\r\n            height: auto;\r\n            max-height: 74vh;\r\n            z-index: 0;\r\n            pointer-events: none;\r\n            opacity: .86;\r\n            filter: drop-shadow(0 10px 18px rgba(0, 0, 0, .14));\r\n            animation: ventaEntradaSway 11s ease-in-out infinite;\r\n        }\r\n\r\n        @keyframes ventaEntradaSway {\r\n            0%, 100% { transform: translate3d(0, 0, 0) rotate(-0.4deg) scale(1); }\r\n            50% { transform: translate3d(-10px, -8px, 0) rotate(0.7deg) scale(1.015); }\r\n        }\r\n\r\n        .venta-entrada-grid {\r\n            display: grid;\r\n            grid-template-columns: repeat(2, minmax(0, 1fr));\r\n            gap: 20px;\r\n            width: 100%;\r\n            position: relative;\r\n            z-index: 1;\r\n        }\r\n\r\n        .venta-entrada-card {\r\n            background: #f6f2ec;\r\n            border: 1px solid #d9d2c7;\r\n            border-radius: 10px;\r\n            padding: 20px;\r\n            box-sizing: border-box;\r\n            width: 100%;\r\n            position: relative;\r\n            z-index: 1;\r\n        }\r\n\r\n        @media (max-width: 1500px) {\r\n            .venta-entrada-deco-hombre {\r\n                position: absolute;\r\n                top: auto;\r\n                bottom: 12px;\r\n                left: 10px;\r\n                right: auto;\r\n                width: clamp(82px, 8vw, 138px);\r\n                max-height: 40vh;\r\n                opacity: .26;\r\n                filter: none;\r\n                animation: none;\r\n            }\r\n        }\r\n\r\n        .venta-entrada-titulo {\r\n            margin: 0 0 12px 0;\r\n            font-size: 1.25rem;\r\n            line-height: 1.3;\r\n        }\r\n\r\n        .venta-entrada-titulo a {\r\n            color: inherit;\r\n            text-decoration: none;\r\n        }\r\n\r\n        .venta-entrada-titulo a:hover {\r\n            text-decoration: underline;\r\n        }\r\n\r\n        .venta-entrada-texto {\r\n            margin-bottom: 16px;\r\n        }\r\n\r\n        .venta-entrada-texto > *:last-child {\r\n            margin-bottom: 0;\r\n        }\r\n\r\n        .venta-entrada-botones {\r\n            display: flex;\r\n            flex-wrap: wrap;\r\n            gap: 10px;\r\n            flex-direction: column;\r\n            margin-top: 40px;\r\n            margin-bottom: 40px;\r\n        }\r\n\r\n        .venta-entrada-bloque-boton {\r\n            display: flex;\r\n            flex-direction: column;\r\n            gap: 6px;\r\n            align-items: flex-start;\r\n        }\r\n\r\n        .venta-entrada-nombre-obra {\r\n            font-size: 0.85rem;\r\n            line-height: 1.35;\r\n            font-weight: 600;\r\n            color: #332b25;\r\n        }\r\n\r\n        .venta-entrada-boton {\r\n            display: inline-flex;\r\n            align-items: center;\r\n            justify-content: center;\r\n            background: #ca2a24;\r\n            color: #ffffff !important;\r\n            text-decoration: none;\r\n            border-radius: 10px;\r\n            padding: 12px 18px;\r\n            line-height: 1.2;\r\n            font-weight: 600;\r\n            transition: opacity 0.2s ease;\r\n            word-break: break-word;\r\n            text-align: center;\r\n        }\r\n\r\n        .venta-entrada-boton:hover {\r\n            opacity: 0.9;\r\n            color: #ffffff !important;\r\n            text-decoration: none;\r\n        }\r\n\r\n        @media (max-width: 991px) {\r\n            .venta-entrada-deco-hombre {\r\n                width: clamp(70px, 14vw, 104px);\r\n                left: -2px;\r\n                bottom: 8px;\r\n                opacity: .2;\r\n            }\r\n\r\n            .venta-entrada-grid {\r\n                grid-template-columns: 1fr;\r\n            }\r\n        }\r\n\r\n        @media (max-width: 767px) {\r\n            .venta-entrada-deco-hombre {\r\n                width: 68px;\r\n                left: -6px;\r\n                bottom: 6px;\r\n                opacity: .16;\r\n            }\r\n\r\n            .venta-entrada-card {\r\n                padding: 16px;\r\n            }\r\n\r\n            .venta-entrada-botones {\r\n                flex-direction: column;\r\n            }\r\n\r\n            .venta-entrada-bloque-boton {\r\n                width: 100%;\r\n            }\r\n\r\n            .venta-entrada-boton {\r\n                width: 100%;\r\n            }\r\n        }\r\n    <\/style>\r\n    \n<p>&nbsp;<\/p>\n","protected":false},"excerpt":{"rendered":"<p>Las entradas se podr\u00e1n adquirir tanto en la taquilla del Teatro Sal\u00f3n Cervantes como de manera online, desde esta misma p\u00e1gina y culturalcala.es. &nbsp; &nbsp;<\/p>\n","protected":false},"author":1,"featured_media":0,"parent":0,"menu_order":14,"comment_status":"closed","ping_status":"closed","template":"","meta":{"footnotes":""},"class_list":["post-67","page","type-page","status-publish","hentry"],"yoast_head":"<!-- This site is optimized with the Yoast SEO plugin v27.4 - https:\/\/yoast.com\/product\/yoast-seo-wordpress\/ -->\n<title>Venta de entradas - Festival de Teatro Cl\u00e1sicos en Alcal\u00e1 2026<\/title>\n<meta name=\"robots\" content=\"index, follow, max-snippet:-1, max-image-preview:large, max-video-preview:-1\" \/>\n<link rel=\"canonical\" href=\"https:\/\/www.clasicosenalcala.net\/2026\/venta-de-entradas\/\" \/>\n<meta property=\"og:locale\" content=\"es_ES\" \/>\n<meta property=\"og:type\" content=\"article\" \/>\n<meta property=\"og:title\" content=\"Venta de entradas - Festival de Teatro Cl\u00e1sicos en Alcal\u00e1 2026\" \/>\n<meta property=\"og:description\" content=\"Las entradas se podr\u00e1n adquirir tanto en la taquilla del Teatro Sal\u00f3n Cervantes como de manera online, desde esta misma p\u00e1gina y culturalcala.es. &nbsp; &nbsp;\" \/>\n<meta property=\"og:url\" content=\"https:\/\/www.clasicosenalcala.net\/2026\/venta-de-entradas\/\" \/>\n<meta property=\"og:site_name\" content=\"Festival de Teatro Cl\u00e1sicos en Alcal\u00e1 2026\" \/>\n<meta property=\"article:publisher\" content=\"http:\/\/www.facebook.com\/pages\/Clsicos-en-Alcal\/117666598263772\" \/>\n<meta property=\"article:modified_time\" content=\"2026-04-22T07:13:09+00:00\" \/>\n<meta name=\"twitter:card\" content=\"summary_large_image\" \/>\n<meta name=\"twitter:site\" content=\"@ClasicosAlcala\" \/>\n<meta name=\"twitter:label1\" content=\"Tiempo de lectura\" \/>\n\t<meta name=\"twitter:data1\" content=\"1 minuto\" \/>\n<script type=\"application\/ld+json\" class=\"yoast-schema-graph\">{\"@context\":\"https:\\\/\\\/schema.org\",\"@graph\":[{\"@type\":\"WebPage\",\"@id\":\"https:\\\/\\\/www.clasicosenalcala.net\\\/2026\\\/venta-de-entradas\\\/\",\"url\":\"https:\\\/\\\/www.clasicosenalcala.net\\\/2026\\\/venta-de-entradas\\\/\",\"name\":\"Venta de entradas - Festival de Teatro Cl\u00e1sicos en Alcal\u00e1 2026\",\"isPartOf\":{\"@id\":\"https:\\\/\\\/www.clasicosenalcala.net\\\/2026\\\/#website\"},\"datePublished\":\"2026-03-06T08:22:54+00:00\",\"dateModified\":\"2026-04-22T07:13:09+00:00\",\"breadcrumb\":{\"@id\":\"https:\\\/\\\/www.clasicosenalcala.net\\\/2026\\\/venta-de-entradas\\\/#breadcrumb\"},\"inLanguage\":\"es\",\"potentialAction\":[{\"@type\":\"ReadAction\",\"target\":[\"https:\\\/\\\/www.clasicosenalcala.net\\\/2026\\\/venta-de-entradas\\\/\"]}]},{\"@type\":\"BreadcrumbList\",\"@id\":\"https:\\\/\\\/www.clasicosenalcala.net\\\/2026\\\/venta-de-entradas\\\/#breadcrumb\",\"itemListElement\":[{\"@type\":\"ListItem\",\"position\":1,\"name\":\"Portada\",\"item\":\"https:\\\/\\\/www.clasicosenalcala.net\\\/2026\\\/\"},{\"@type\":\"ListItem\",\"position\":2,\"name\":\"Venta de entradas\"}]},{\"@type\":\"WebSite\",\"@id\":\"https:\\\/\\\/www.clasicosenalcala.net\\\/2026\\\/#website\",\"url\":\"https:\\\/\\\/www.clasicosenalcala.net\\\/2026\\\/\",\"name\":\"Festival Hispanoamericano del Siglo de Oro. XXV edici\u00f3n\",\"description\":\"\",\"publisher\":{\"@id\":\"https:\\\/\\\/www.clasicosenalcala.net\\\/2026\\\/#organization\"},\"potentialAction\":[{\"@type\":\"SearchAction\",\"target\":{\"@type\":\"EntryPoint\",\"urlTemplate\":\"https:\\\/\\\/www.clasicosenalcala.net\\\/2026\\\/?s={search_term_string}\"},\"query-input\":{\"@type\":\"PropertyValueSpecification\",\"valueRequired\":true,\"valueName\":\"search_term_string\"}}],\"inLanguage\":\"es\"},{\"@type\":\"Organization\",\"@id\":\"https:\\\/\\\/www.clasicosenalcala.net\\\/2026\\\/#organization\",\"name\":\"Festival Hispanoamericano del Siglo de Oro.\",\"url\":\"https:\\\/\\\/www.clasicosenalcala.net\\\/2026\\\/\",\"logo\":{\"@type\":\"ImageObject\",\"inLanguage\":\"es\",\"@id\":\"https:\\\/\\\/www.clasicosenalcala.net\\\/2026\\\/#\\\/schema\\\/logo\\\/image\\\/\",\"url\":\"https:\\\/\\\/www.clasicosenalcala.net\\\/2026\\\/wp-content\\\/uploads\\\/2026\\\/03\\\/cropped-favicon@600x-8.png\",\"contentUrl\":\"https:\\\/\\\/www.clasicosenalcala.net\\\/2026\\\/wp-content\\\/uploads\\\/2026\\\/03\\\/cropped-favicon@600x-8.png\",\"width\":512,\"height\":512,\"caption\":\"Festival Hispanoamericano del Siglo de Oro.\"},\"image\":{\"@id\":\"https:\\\/\\\/www.clasicosenalcala.net\\\/2026\\\/#\\\/schema\\\/logo\\\/image\\\/\"},\"sameAs\":[\"http:\\\/\\\/www.facebook.com\\\/pages\\\/Clsicos-en-Alcal\\\/117666598263772\",\"https:\\\/\\\/x.com\\\/ClasicosAlcala\",\"https:\\\/\\\/www.instagram.com\\\/clasicosalcala\\\/\"]}]}<\/script>\n<!-- \/ Yoast SEO plugin. -->","yoast_head_json":{"title":"Venta de entradas - Festival de Teatro Cl\u00e1sicos en Alcal\u00e1 2026","robots":{"index":"index","follow":"follow","max-snippet":"max-snippet:-1","max-image-preview":"max-image-preview:large","max-video-preview":"max-video-preview:-1"},"canonical":"https:\/\/www.clasicosenalcala.net\/2026\/venta-de-entradas\/","og_locale":"es_ES","og_type":"article","og_title":"Venta de entradas - Festival de Teatro Cl\u00e1sicos en Alcal\u00e1 2026","og_description":"Las entradas se podr\u00e1n adquirir tanto en la taquilla del Teatro Sal\u00f3n Cervantes como de manera online, desde esta misma p\u00e1gina y culturalcala.es. &nbsp; &nbsp;","og_url":"https:\/\/www.clasicosenalcala.net\/2026\/venta-de-entradas\/","og_site_name":"Festival de Teatro Cl\u00e1sicos en Alcal\u00e1 2026","article_publisher":"http:\/\/www.facebook.com\/pages\/Clsicos-en-Alcal\/117666598263772","article_modified_time":"2026-04-22T07:13:09+00:00","twitter_card":"summary_large_image","twitter_site":"@ClasicosAlcala","twitter_misc":{"Tiempo de lectura":"1 minuto"},"schema":{"@context":"https:\/\/schema.org","@graph":[{"@type":"WebPage","@id":"https:\/\/www.clasicosenalcala.net\/2026\/venta-de-entradas\/","url":"https:\/\/www.clasicosenalcala.net\/2026\/venta-de-entradas\/","name":"Venta de entradas - Festival de Teatro Cl\u00e1sicos en Alcal\u00e1 2026","isPartOf":{"@id":"https:\/\/www.clasicosenalcala.net\/2026\/#website"},"datePublished":"2026-03-06T08:22:54+00:00","dateModified":"2026-04-22T07:13:09+00:00","breadcrumb":{"@id":"https:\/\/www.clasicosenalcala.net\/2026\/venta-de-entradas\/#breadcrumb"},"inLanguage":"es","potentialAction":[{"@type":"ReadAction","target":["https:\/\/www.clasicosenalcala.net\/2026\/venta-de-entradas\/"]}]},{"@type":"BreadcrumbList","@id":"https:\/\/www.clasicosenalcala.net\/2026\/venta-de-entradas\/#breadcrumb","itemListElement":[{"@type":"ListItem","position":1,"name":"Portada","item":"https:\/\/www.clasicosenalcala.net\/2026\/"},{"@type":"ListItem","position":2,"name":"Venta de entradas"}]},{"@type":"WebSite","@id":"https:\/\/www.clasicosenalcala.net\/2026\/#website","url":"https:\/\/www.clasicosenalcala.net\/2026\/","name":"Festival Hispanoamericano del Siglo de Oro. XXV edici\u00f3n","description":"","publisher":{"@id":"https:\/\/www.clasicosenalcala.net\/2026\/#organization"},"potentialAction":[{"@type":"SearchAction","target":{"@type":"EntryPoint","urlTemplate":"https:\/\/www.clasicosenalcala.net\/2026\/?s={search_term_string}"},"query-input":{"@type":"PropertyValueSpecification","valueRequired":true,"valueName":"search_term_string"}}],"inLanguage":"es"},{"@type":"Organization","@id":"https:\/\/www.clasicosenalcala.net\/2026\/#organization","name":"Festival Hispanoamericano del Siglo de Oro.","url":"https:\/\/www.clasicosenalcala.net\/2026\/","logo":{"@type":"ImageObject","inLanguage":"es","@id":"https:\/\/www.clasicosenalcala.net\/2026\/#\/schema\/logo\/image\/","url":"https:\/\/www.clasicosenalcala.net\/2026\/wp-content\/uploads\/2026\/03\/cropped-favicon@600x-8.png","contentUrl":"https:\/\/www.clasicosenalcala.net\/2026\/wp-content\/uploads\/2026\/03\/cropped-favicon@600x-8.png","width":512,"height":512,"caption":"Festival Hispanoamericano del Siglo de Oro."},"image":{"@id":"https:\/\/www.clasicosenalcala.net\/2026\/#\/schema\/logo\/image\/"},"sameAs":["http:\/\/www.facebook.com\/pages\/Clsicos-en-Alcal\/117666598263772","https:\/\/x.com\/ClasicosAlcala","https:\/\/www.instagram.com\/clasicosalcala\/"]}]}},"_links":{"self":[{"href":"https:\/\/www.clasicosenalcala.net\/2026\/wp-json\/wp\/v2\/pages\/67","targetHints":{"allow":["GET"]}}],"collection":[{"href":"https:\/\/www.clasicosenalcala.net\/2026\/wp-json\/wp\/v2\/pages"}],"about":[{"href":"https:\/\/www.clasicosenalcala.net\/2026\/wp-json\/wp\/v2\/types\/page"}],"author":[{"embeddable":true,"href":"https:\/\/www.clasicosenalcala.net\/2026\/wp-json\/wp\/v2\/users\/1"}],"replies":[{"embeddable":true,"href":"https:\/\/www.clasicosenalcala.net\/2026\/wp-json\/wp\/v2\/comments?post=67"}],"version-history":[{"count":13,"href":"https:\/\/www.clasicosenalcala.net\/2026\/wp-json\/wp\/v2\/pages\/67\/revisions"}],"predecessor-version":[{"id":2507,"href":"https:\/\/www.clasicosenalcala.net\/2026\/wp-json\/wp\/v2\/pages\/67\/revisions\/2507"}],"wp:attachment":[{"href":"https:\/\/www.clasicosenalcala.net\/2026\/wp-json\/wp\/v2\/media?parent=67"}],"curies":[{"name":"wp","href":"https:\/\/api.w.org\/{rel}","templated":true}]}}